{"id":46746,"date":"2021-07-05T18:29:21","date_gmt":"2021-07-05T17:29:21","guid":{"rendered":"http:\/\/www.raccontinellarete.it\/?page_id=46746"},"modified":"2024-10-26T22:02:03","modified_gmt":"2024-10-26T21:02:03","slug":"vincitore-premio-racconti-per-corti-2021","status":"publish","type":"page","link":"https:\/\/www.raccontinellarete.it\/?page_id=46746","title":{"rendered":"Vincitore Premio Racconti per Corti 2021"},"content":{"rendered":"\n<p><strong>La giuria tecnica della sezione \u201cCorti\u201d del Premio letterario Racconti nella Rete 2021<\/strong>&nbsp;ha selezionato per la realizzazione del cortometraggio il soggetto&nbsp; dal titolo&nbsp;<strong>\u201cCinque piccoli frammenti di Stefano\u201d di&nbsp; Antonio Lucarini (Jesi).&nbsp;<\/strong>&nbsp;E\u2019 la storia di Stefano Verme, scrittore fallito che scompare nell\u2019indifferenza del mondo.<\/p>\n\n\n\n<p>Il corto \u00e8 una malinconica presa di coscienza dell\u2019inutilit\u00e0 della creazione artistica e di ogni forma di spiritualit\u00e0 nella societ\u00e0 attuale. L\u2019individuo (in primis l\u2019artista vero) \u00e8 spesso schiacciato nelle proprie miserie quotidiane, \u00e8 ripiegato nella propria alienazione. Stefano Verme si sente ormai un oggetto inutile, esattamente come gli oggetti protagonisti delle sue storie. Annaspa, fugge e alla fine la sua scomparsa \u00e8 assolutamente indolore. I frammenti che lo ritraggono nella sua condizione d\u2019impotenza, sono granelli di sale che affondano nell\u2019acqua.<\/p>\n\n\n\n<p>Gi\u00e0 filmaker di fama nazionale e autore nonch\u00e9 attore di teatro,&nbsp;<strong>Lucarini<\/strong>&nbsp;esordisce come scrittore&nbsp; a tutto tondo nel 2017 con il romanzo&nbsp;<em>\u201cStrana Rana\u201d<\/em>, per l\u2019editore &nbsp;Le Mezzelane Edizioni. Successivamente, pubblica, sempre con Le Mezzelane, &nbsp;tre romanzi&nbsp; thriller (<em>\u201cPioggia\u201d, \u201cRiflessi di morte\u201d e \u201cCroce e delizia\u201d<\/em>) scritti a quattro mani con l\u2019editrice Rita Angelelli. Da maggio 2019 partecipa a diversi concorsi letterari nazionali per racconti e risulta ben nove volte tra i vincitori.&nbsp; Da tre anni&nbsp; esercita la professione di docente di italiano, storia e geografia, in una scuola media della provincia di Ancona. Entro febbraio 2022, pubblicher\u00e0 per Le Mezzelane Edizioni il romanzo distopico \u201c<em>Oltrepassando\u201d<\/em>&nbsp;e con le Edizioni il Viandante di Chieti, il romanzo tragicomico \u201c<em>Tu sei una nuvola\u201d<\/em>.<\/p>\n\n\n\n<p>Il cortometraggio&nbsp;<strong>\u201cCinque piccoli frammenti di Stefano\u201d<\/strong>, vincitore della sezione corti del premio&nbsp;<strong>Racconti nella Rete<\/strong>&nbsp;<strong>2021<\/strong>, sar\u00e0&nbsp; girato a Lucca&nbsp; nel mese di settembre con la collaborazione della&nbsp;<a href=\"http:\/\/www.cinemaimmagina.it\/\"><strong>Scuola di Cinema Immagina<\/strong>.<\/a>&nbsp;La regia \u00e8 di&nbsp;<strong>Giuseppe Ferlito<\/strong>.&nbsp; La proiezione in anteprima assoluta avr\u00e0 luogo&nbsp;<strong>sabato 2 ottobre alle 16.30 presso Villa Bottini di Lucca in occasione della 27^ edizione del Festival LuccAutori \u2013 Premio Racconti nella Rete.<\/strong><\/p>\n\n\n\n<p>La giuria del Premio, constatando la buona qualit\u00e0 dei testi pervenuti,\u00a0 riserva una menzione speciale ai soggetti\u00a0 \u201cDelirio in terza rima\u201d di Giuseppe Ciarallo, \u201cIl contratto\u201d di Giovanni D\u2019Errico, \u201cLa sposa\u201d di Nicoletta Manetti, \u201cL\u2019orologio rotto\u201d di Nicola Buoso.<\/p>\n\n\n\n<figure class=\"wp-block-image size-large\"><img loading=\"lazy\" decoding=\"async\" width=\"640\" height=\"420\" src=\"https:\/\/www.raccontinellarete.it\/301\/wp-content\/uploads\/2021\/07\/antonio-lucarini.jpg\" alt=\"\" class=\"wp-image-46747\" srcset=\"https:\/\/www.raccontinellarete.it\/301\/wp-content\/uploads\/2021\/07\/antonio-lucarini.jpg 640w, https:\/\/www.raccontinellarete.it\/301\/wp-content\/uploads\/2021\/07\/antonio-lucarini-344x226.jpg 344w\" sizes=\"(max-width: 640px) 100vw, 640px\" \/><\/figure>\n<div class=\"pvc_clear\"><\/div><p id=\"pvc_stats_46746\" class=\"pvc_stats all  \" data-element-id=\"46746\" style=\"\"><i class=\"pvc-stats-icon medium\" aria-hidden=\"true\"><svg aria-hidden=\"true\" focusable=\"false\" data-prefix=\"far\" data-icon=\"chart-bar\" role=\"img\" xmlns=\"http:\/\/www.w3.org\/2000\/svg\" viewBox=\"0 0 512 512\" class=\"svg-inline--fa fa-chart-bar fa-w-16 fa-2x\"><path fill=\"currentColor\" d=\"M396.8 352h22.4c6.4 0 12.8-6.4 12.8-12.8V108.8c0-6.4-6.4-12.8-12.8-12.8h-22.4c-6.4 0-12.8 6.4-12.8 12.8v230.4c0 6.4 6.4 12.8 12.8 12.8zm-192 0h22.4c6.4 0 12.8-6.4 12.8-12.8V140.8c0-6.4-6.4-12.8-12.8-12.8h-22.4c-6.4 0-12.8 6.4-12.8 12.8v198.4c0 6.4 6.4 12.8 12.8 12.8zm96 0h22.4c6.4 0 12.8-6.4 12.8-12.8V204.8c0-6.4-6.4-12.8-12.8-12.8h-22.4c-6.4 0-12.8 6.4-12.8 12.8v134.4c0 6.4 6.4 12.8 12.8 12.8zM496 400H48V80c0-8.84-7.16-16-16-16H16C7.16 64 0 71.16 0 80v336c0 17.67 14.33 32 32 32h464c8.84 0 16-7.16 16-16v-16c0-8.84-7.16-16-16-16zm-387.2-48h22.4c6.4 0 12.8-6.4 12.8-12.8v-70.4c0-6.4-6.4-12.8-12.8-12.8h-22.4c-6.4 0-12.8 6.4-12.8 12.8v70.4c0 6.4 6.4 12.8 12.8 12.8z\" class=\"\"><\/path><\/svg><\/i> <img loading=\"lazy\" decoding=\"async\" width=\"16\" height=\"16\" alt=\"Loading\" src=\"https:\/\/www.raccontinellarete.it\/301\/wp-content\/plugins\/page-views-count\/ajax-loader-2x.gif\" border=0 \/><\/p><div class=\"pvc_clear\"><\/div>","protected":false},"excerpt":{"rendered":"<p>La giuria tecnica della sezione \u201cCorti\u201d del Premio letterario Racconti nella Rete 2021&nbsp;ha selezionato per la realizzazione del cortometraggio il soggetto&nbsp; dal titolo&nbsp;\u201cCinque piccoli frammenti di Stefano\u201d di&nbsp; Antonio Lucarini (Jesi).&nbsp;&nbsp;E\u2019 la storia di Stefano Verme, scrittore fallito che scompare nell\u2019indifferenza del mondo. Il corto \u00e8 una malinconica presa di coscienza dell\u2019inutilit\u00e0 della creazione artistica [&hellip;]<\/p>\n<div class=\"pvc_clear\"><\/div>\n<p id=\"pvc_stats_46746\" class=\"pvc_stats all  \" data-element-id=\"46746\" style=\"\"><i class=\"pvc-stats-icon medium\" aria-hidden=\"true\"><svg aria-hidden=\"true\" focusable=\"false\" data-prefix=\"far\" data-icon=\"chart-bar\" role=\"img\" xmlns=\"http:\/\/www.w3.org\/2000\/svg\" viewBox=\"0 0 512 512\" class=\"svg-inline--fa fa-chart-bar fa-w-16 fa-2x\"><path fill=\"currentColor\" d=\"M396.8 352h22.4c6.4 0 12.8-6.4 12.8-12.8V108.8c0-6.4-6.4-12.8-12.8-12.8h-22.4c-6.4 0-12.8 6.4-12.8 12.8v230.4c0 6.4 6.4 12.8 12.8 12.8zm-192 0h22.4c6.4 0 12.8-6.4 12.8-12.8V140.8c0-6.4-6.4-12.8-12.8-12.8h-22.4c-6.4 0-12.8 6.4-12.8 12.8v198.4c0 6.4 6.4 12.8 12.8 12.8zm96 0h22.4c6.4 0 12.8-6.4 12.8-12.8V204.8c0-6.4-6.4-12.8-12.8-12.8h-22.4c-6.4 0-12.8 6.4-12.8 12.8v134.4c0 6.4 6.4 12.8 12.8 12.8zM496 400H48V80c0-8.84-7.16-16-16-16H16C7.16 64 0 71.16 0 80v336c0 17.67 14.33 32 32 32h464c8.84 0 16-7.16 16-16v-16c0-8.84-7.16-16-16-16zm-387.2-48h22.4c6.4 0 12.8-6.4 12.8-12.8v-70.4c0-6.4-6.4-12.8-12.8-12.8h-22.4c-6.4 0-12.8 6.4-12.8 12.8v70.4c0 6.4 6.4 12.8 12.8 12.8z\" class=\"\"><\/path><\/svg><\/i> <img loading=\"lazy\" decoding=\"async\" width=\"16\" height=\"16\" alt=\"Loading\" src=\"https:\/\/www.raccontinellarete.it\/301\/wp-content\/plugins\/page-views-count\/ajax-loader-2x.gif\" border=0 \/><\/p>\n<div class=\"pvc_clear\"><\/div>\n","protected":false},"author":3,"featured_media":0,"parent":4554,"menu_order":10,"comment_status":"closed","ping_status":"closed","template":"","meta":{"footnotes":""},"class_list":["post-46746","page","type-page","status-publish","hentry"],"_links":{"self":[{"href":"https:\/\/www.raccontinellarete.it\/index.php?rest_route=\/wp\/v2\/pages\/46746"}],"collection":[{"href":"https:\/\/www.raccontinellarete.it\/index.php?rest_route=\/wp\/v2\/pages"}],"about":[{"href":"https:\/\/www.raccontinellarete.it\/index.php?rest_route=\/wp\/v2\/types\/page"}],"author":[{"embeddable":true,"href":"https:\/\/www.raccontinellarete.it\/index.php?rest_route=\/wp\/v2\/users\/3"}],"replies":[{"embeddable":true,"href":"https:\/\/www.raccontinellarete.it\/index.php?rest_route=%2Fwp%2Fv2%2Fcomments&post=46746"}],"version-history":[{"count":2,"href":"https:\/\/www.raccontinellarete.it\/index.php?rest_route=\/wp\/v2\/pages\/46746\/revisions"}],"predecessor-version":[{"id":46764,"href":"https:\/\/www.raccontinellarete.it\/index.php?rest_route=\/wp\/v2\/pages\/46746\/revisions\/46764"}],"up":[{"embeddable":true,"href":"https:\/\/www.raccontinellarete.it\/index.php?rest_route=\/wp\/v2\/pages\/4554"}],"wp:attachment":[{"href":"https:\/\/www.raccontinellarete.it\/index.php?rest_route=%2Fwp%2Fv2%2Fmedia&parent=46746"}],"curies":[{"name":"wp","href":"https:\/\/api.w.org\/{rel}","templated":true}]}}